{"id":757,"date":"2025-09-17T12:33:05","date_gmt":"2025-09-17T10:33:05","guid":{"rendered":"https:\/\/cams.cz\/?page_id=757"},"modified":"2025-09-17T12:33:08","modified_gmt":"2025-09-17T10:33:08","slug":"informationen-zur-verarbeitung-und-zum-schutz-personenbezogener-daten","status":"publish","type":"page","link":"https:\/\/cams.cz\/de\/informationen-zur-verarbeitung-und-zum-schutz-personenbezogener-daten\/","title":{"rendered":"Informationen zur Verarbeitung und zum Schutz personenbezogener Daten"},"content":{"rendered":"<div class=\"wp-block-group is-vertical is-layout-flex wp-container-core-group-is-layout-8cad6afd wp-block-group-is-layout-flex\">\n<h1 class=\"wp-block-heading has-text-align-center\">Informationen zur Verarbeitung und zum Schutz personenbezogener Daten<\/h1>\n\n\n\n<p>Der Tschechoslowakische Automobilclub f\u00fcr M\u00e4hren und Schlesien, zs, Firmen-ID: 023 682 69, ist eine juristische Person, die zum Zweck der Organisation von Sport- und Gesellschaftsveranstaltungen, Ausstellungen, Rennen und Wettbewerben, der Organisation des Verkaufs und Austauschs von Teilen und Komponenten f\u00fcr historische Fahrzeuge, von Werbe- und Bildungsaktivit\u00e4ten bei der Organisation eigener Veranstaltungen, des Schutzes historischer Dokumente und anderer gemeinn\u00fctziger Aktivit\u00e4ten gegr\u00fcndet wurde. Der Tschechoslowakische Automobilclub f\u00fcr M\u00e4hren und Schlesien, zs, verarbeitet personenbezogene Daten gem\u00e4\u00df den Anforderungen der Verordnung (EU) Nr. 2016\/679 des Europ\u00e4ischen Parlaments und des Rates zum Schutz nat\u00fcrlicher Personen bei der Verarbeitung personenbezogener Daten, zum freien Datenverkehr und zur Aufhebung der Richtlinie 95\/46\/EG (Datenschutz-Grundverordnung oder DSGVO). Der Tschechoslowakische Automobilclub f\u00fcr M\u00e4hren und Schlesien, zs, ist der Verantwortliche f\u00fcr personenbezogene Daten.<\/p>\n\n\n\n<h3 class=\"wp-block-heading\">Kontaktadresse des Administrators:<\/h3>\n\n\n\n<p>Administrator: Tschechoslowakischer Automobilclub f\u00fcr M\u00e4hren und Schlesien, zs, Hv\u011bzdov\u00e1 308\/13, 602 00 Br\u00fcnn, Tel.: +420 545 242 605, E-Mail: info@brnogp.cz.<br><strong>Datenschutzbeauftragter:<\/strong> PhDr. M.Sc. Martin Reissner, Ph.D., Telefon: +420 545 242 605, E-Mail: gdpr@brnogp.cz.<br>Der Tschechoslowakische Automobilclub f\u00fcr M\u00e4hren und Schlesien, zs, hat aufgrund der ihm durch die Allgemeine Verordnung auferlegten Verpflichtung einen Datenschutzbeauftragten ernannt, der Aufgaben gem\u00e4\u00df Artikel 39 der Allgemeinen Verordnung wahrnimmt und Ihr Ansprechpartner f\u00fcr die L\u00f6sung Ihrer Fragen, Anfragen oder Antr\u00e4ge ist.<br><strong>Kontaktadresse des Datenschutzbeauftragten:<\/strong><br>Hv\u011bzdov\u00e1 308\/13, 602 00 Br\u00fcnn, Tel.: +420 545 242 605, E-Mail: gdpr@brnogp.cz.<\/p>\n\n\n\n<p>Ihre personenbezogenen Daten werden insbesondere aufgrund gesetzlicher Verpflichtungen erhoben und weiterverarbeitet, im Rahmen derer Ihre Identifikations-, Adress- und Kontaktdaten erfasst werden. In einigen F\u00e4llen k\u00f6nnen Ihre personenbezogenen Daten auf Grundlage Ihrer Einwilligung erhoben und weiterverarbeitet werden. Diese Einwilligung stellt stets einen freien, spezifischen, informierten und eindeutigen Ausdruck Ihres Willens zur Verarbeitung Ihrer personenbezogenen Daten f\u00fcr einen bestimmten Zweck dar und enth\u00e4lt stets Informationen \u00fcber die M\u00f6glichkeit, die Einwilligung jederzeit zu widerrufen.<br>Bei der Verarbeitung Ihrer personenbezogenen Daten erfolgt keine automatisierte Entscheidungsfindung, auf deren Grundlage Ma\u00dfnahmen oder Entscheidungen getroffen w\u00fcrden, die Ihre Rechte oder berechtigten Interessen beeintr\u00e4chtigen w\u00fcrden.<br>Ihre personenbezogenen Daten werden nur f\u00fcr den erforderlichen Zeitraum verarbeitet, der f\u00fcr jeden Verarbeitungszweck individuell ist. Nach Ablauf dieser Frist werden die personenbezogenen Daten vernichtet oder f\u00fcr den im geltenden Archivierungs- und Entsorgungsplan gem\u00e4\u00df Gesetz Nr. 499\/2004 Slg. \u00fcber Archivierungs- und Archivierungsdienste festgelegten Zeitraum weiter gespeichert.<br>Im Zusammenhang mit der Verarbeitung Ihrer personenbezogenen Daten haben Sie das Recht, auf Ihre personenbezogenen Daten zuzugreifen, sie zu korrigieren oder zu l\u00f6schen oder die Verarbeitung einzuschr\u00e4nken, der Verarbeitung zu widersprechen oder das Recht auf Daten\u00fcbertragbarkeit und andere Rechte gem\u00e4\u00df der Datenschutz-Grundverordnung auszu\u00fcben.<br>Machen Sie beim Datenschutzbeauftragten von Ihren Rechten und Anliegen Gebrauch.<br>Ihre Anfragen werden stets ordnungsgem\u00e4\u00df gepr\u00fcft und gem\u00e4\u00df den einschl\u00e4gigen Bestimmungen der Allgemeinen Verordnung bearbeitet. Wenn Sie mit der Bearbeitung Ihrer Anfragen und Antr\u00e4ge nicht einverstanden sind, haben Sie das Recht, eine Beschwerde beim Amt f\u00fcr den Schutz personenbezogener Daten einzureichen.<\/p>\n\n\n\n<p>Im Rahmen der Veranstaltung \u201eBrno Revival\u201c des Tschechoslowakischen Automobilclubs f\u00fcr M\u00e4hren und Schlesien (zs) werden Video- und Audioaufnahmen zur Pr\u00e4sentation des Veranstalters gemacht. Der Tschechoslowakische Automobilclub f\u00fcr M\u00e4hren und Schlesien (zs) \u00fcbernimmt keine Verantwortung f\u00fcr die von anderen Personen gemachten und ver\u00f6ffentlichten Aufnahmen.<\/p>\n<\/div>","protected":false},"excerpt":{"rendered":"<p>Informace o zpracov\u00e1n\u00ed a ochran\u011b osobn\u00edch \u00fadaj\u016f \u010ceskoslovensk\u00fd automobilov\u00fd klub pro Moravu a Slezsko, z. s., I\u010c: 023 682 69, je pr\u00e1vnick\u00e1 osoba z\u0159\u00edzen\u00e1 za \u00fa\u010delem po\u0159\u00e1d\u00e1n\u00ed sportovn\u00edch a spole\u010densk\u00fdch akc\u00ed, v\u00fdstav, z\u00e1vod\u016f a sout\u011b\u017e\u00ed, organizov\u00e1n\u00ed prodeje a v\u00fdm\u011bny sou\u010d\u00e1stek a d\u00edl\u016f na historick\u00e1 vozidla, reklamn\u00ed a osv\u011btov\u00e1 \u010dinnost p\u0159i organizov\u00e1n\u00ed vlastn\u00edch akc\u00ed, ochrana historick\u00fdch&#8230;<\/p>","protected":false},"author":3,"featured_media":0,"parent":0,"menu_order":0,"comment_status":"closed","ping_status":"closed","template":"","meta":{"_kad_blocks_custom_css":"","_kad_blocks_head_custom_js":"","_kad_blocks_body_custom_js":"","_kad_blocks_footer_custom_js":"","_kad_post_transparent":"","_kad_post_title":"","_kad_post_layout":"narrow","_kad_post_sidebar_id":"","_kad_post_content_style":"","_kad_post_vertical_padding":"","_kad_post_feature":"","_kad_post_feature_position":"","_kad_post_header":false,"_kad_post_footer":false,"_kad_post_classname":"","footnotes":""},"class_list":["post-757","page","type-page","status-publish","hentry"],"taxonomy_info":[],"featured_image_src_large":false,"author_info":{"display_name":"Kate\u0159ina Kupkov\u00e1","author_link":"https:\/\/cams.cz\/de\/author\/katka\/"},"comment_info":0,"_links":{"self":[{"href":"https:\/\/cams.cz\/de\/wp-json\/wp\/v2\/pages\/757","targetHints":{"allow":["GET"]}}],"collection":[{"href":"https:\/\/cams.cz\/de\/wp-json\/wp\/v2\/pages"}],"about":[{"href":"https:\/\/cams.cz\/de\/wp-json\/wp\/v2\/types\/page"}],"author":[{"embeddable":true,"href":"https:\/\/cams.cz\/de\/wp-json\/wp\/v2\/users\/3"}],"replies":[{"embeddable":true,"href":"https:\/\/cams.cz\/de\/wp-json\/wp\/v2\/comments?post=757"}],"version-history":[{"count":0,"href":"https:\/\/cams.cz\/de\/wp-json\/wp\/v2\/pages\/757\/revisions"}],"wp:attachment":[{"href":"https:\/\/cams.cz\/de\/wp-json\/wp\/v2\/media?parent=757"}],"curies":[{"name":"wp","href":"https:\/\/api.w.org\/{rel}","templated":true}]}}