{"id":1107,"date":"2025-10-13T10:40:29","date_gmt":"2025-10-13T08:40:29","guid":{"rendered":"https:\/\/cams.cz\/?page_id=1107"},"modified":"2025-10-13T11:54:54","modified_gmt":"2025-10-13T09:54:54","slug":"verfahren","status":"publish","type":"page","link":"https:\/\/cams.cz\/de\/cde-luhacovice-2026\/verfahren\/","title":{"rendered":"Spa-Behandlungen"},"content":{"rendered":"<style>.wp-block-kadence-advancedbtn.kb-btns1107_59b248-28{gap:var(--global-kb-gap-xs, 0.5rem );justify-content:center;align-items:center;}.kt-btns1107_59b248-28 .kt-button{font-weight:normal;font-style:normal;}.kt-btns1107_59b248-28 .kt-btn-wrap-0{margin-right:5px;}.wp-block-kadence-advancedbtn.kt-btns1107_59b248-28 .kt-btn-wrap-0 .kt-button{color:#555555;border-color:#555555;}.wp-block-kadence-advancedbtn.kt-btns1107_59b248-28 .kt-btn-wrap-0 .kt-button:hover, .wp-block-kadence-advancedbtn.kt-btns1107_59b248-28 .kt-btn-wrap-0 .kt-button:focus{color:#ffffff;border-color:#444444;}.wp-block-kadence-advancedbtn.kt-btns1107_59b248-28 .kt-btn-wrap-0 .kt-button::before{display:none;}.wp-block-kadence-advancedbtn.kt-btns1107_59b248-28 .kt-btn-wrap-0 .kt-button:hover, .wp-block-kadence-advancedbtn.kt-btns1107_59b248-28 .kt-btn-wrap-0 .kt-button:focus{background:#444444;}<\/style>\n<div class=\"wp-block-kadence-advancedbtn kb-buttons-wrap kb-btns1107_59b248-28\"><style>ul.menu .wp-block-kadence-advancedbtn .kb-btn1107_74a91c-36.kb-button{width:initial;}<\/style><a class=\"kb-button kt-button button kb-btn1107_74a91c-36 kt-btn-size-standard kt-btn-width-type-auto kb-btn-global-fill  kt-btn-has-text-true kt-btn-has-svg-false  wp-block-kadence-singlebtn\" href=\"https:\/\/cams.cz\/de\/cde-luhacovice-2026\/\"><span class=\"kt-btn-inner-text\">Zur\u00fcck zum Concours d&#039;Elegance Luha\u010dovice 2026<\/span><\/a><\/div>\n\n\n<style>.kb-row-layout-id1107_f87c33-ef > .kt-row-column-wrap{align-content:start;}:where(.kb-row-layout-id1107_f87c33-ef > .kt-row-column-wrap) > .wp-block-kadence-column{justify-content:start;}.kb-row-layout-id1107_f87c33-ef > .kt-row-column-wrap{column-gap:var(--global-kb-gap-md, 2rem);row-gap:var(--global-kb-gap-md, 2rem);max-width:var( --global-content-width, 1600px );padding-left:var(--global-content-edge-padding);padding-right:var(--global-content-edge-padding);padding-top:var(--global-kb-spacing-sm, 1.5rem);padding-bottom:var(--global-kb-spacing-sm, 1.5rem);grid-template-columns:minmax(0, calc(50% - ((var(--global-kb-gap-md, 2rem) * 1 )\/2)))minmax(0, calc(50% - ((var(--global-kb-gap-md, 2rem) * 1 )\/2)));}.kb-row-layout-id1107_f87c33-ef > .kt-row-layout-overlay{opacity:0.30;}@media all and (max-width: 1024px){.kb-row-layout-id1107_f87c33-ef > .kt-row-column-wrap{grid-template-columns:repeat(2, minmax(0, 1fr));}}@media all and (max-width: 767px){.kb-row-layout-id1107_f87c33-ef > .kt-row-column-wrap{grid-template-columns:minmax(0, 1fr);}}<\/style><div class=\"kb-row-layout-wrap kb-row-layout-id1107_f87c33-ef alignnone wp-block-kadence-rowlayout\"><div class=\"kt-row-column-wrap kt-has-2-columns kt-row-layout-equal kt-tab-layout-inherit kt-mobile-layout-row kt-row-valign-top kb-theme-content-width\">\n<style>.kadence-column1107_57facf-79 > .kt-inside-inner-col,.kadence-column1107_57facf-79 > .kt-inside-inner-col:before{border-top-left-radius:0px;border-top-right-radius:0px;border-bottom-right-radius:0px;border-bottom-left-radius:0px;}.kadence-column1107_57facf-79 > .kt-inside-inner-col{column-gap:var(--global-kb-gap-sm, 1rem);}.kadence-column1107_57facf-79 > .kt-inside-inner-col{flex-direction:column;}.kadence-column1107_57facf-79 > .kt-inside-inner-col > .aligncenter{width:100%;}.kadence-column1107_57facf-79 > .kt-inside-inner-col:before{opacity:0.3;}.kadence-column1107_57facf-79{position:relative;}@media all and (max-width: 1024px){.kadence-column1107_57facf-79 > .kt-inside-inner-col{flex-direction:column;justify-content:center;}}@media all and (max-width: 767px){.kadence-column1107_57facf-79 > .kt-inside-inner-col{flex-direction:column;justify-content:center;}}<\/style>\n<div class=\"wp-block-kadence-column kadence-column1107_57facf-79\"><div class=\"kt-inside-inner-col\">\n<p><strong>Sonderangebot f\u00fcr Teilnehmer des Concours d&#039;Elegance Luha\u010dovice 202<\/strong>6<\/p>\n\n\n\n<p><strong>Nicht im Preis inbegriffen,<\/strong>&nbsp;aber jeder Teilnehmer kann sie haben&nbsp;<strong><a href=\"https:\/\/www.lazneluhacovice.cz\/procedury\" target=\"_blank\" rel=\"noreferrer noopener\">zum Verw\u00f6hnen nach Geschmack und Zeit<\/a>. <\/strong>Bei Interesse<strong> muss vorbestellt werden.<\/strong><\/p>\n\n\n\n<p>Die Verfahrensanordnung muss sp\u00e4testens 21 Tage vor der Ankunft versandt werden.<br>Wir empfehlen Ihnen, bei Ihrer Bestellung das gew\u00fcnschte Datum und die bevorzugte Uhrzeit anzugeben. Andernfalls<br>In diesem Fall werden die Eingriffe an dem von uns gew\u00e4hlten Termin geplant.<\/p>\n\n\n<style>.wp-block-kadence-advancedbtn.kb-btns1107_6ed678-58{gap:var(--global-kb-gap-xs, 0.5rem );justify-content:center;align-items:center;}.kt-btns1107_6ed678-58 .kt-button{font-weight:normal;font-style:normal;}.kt-btns1107_6ed678-58 .kt-btn-wrap-0{margin-right:5px;}.wp-block-kadence-advancedbtn.kt-btns1107_6ed678-58 .kt-btn-wrap-0 .kt-button{color:#555555;border-color:#555555;}.wp-block-kadence-advancedbtn.kt-btns1107_6ed678-58 .kt-btn-wrap-0 .kt-button:hover, .wp-block-kadence-advancedbtn.kt-btns1107_6ed678-58 .kt-btn-wrap-0 .kt-button:focus{color:#ffffff;border-color:#444444;}.wp-block-kadence-advancedbtn.kt-btns1107_6ed678-58 .kt-btn-wrap-0 .kt-button::before{display:none;}.wp-block-kadence-advancedbtn.kt-btns1107_6ed678-58 .kt-btn-wrap-0 .kt-button:hover, .wp-block-kadence-advancedbtn.kt-btns1107_6ed678-58 .kt-btn-wrap-0 .kt-button:focus{background:#444444;}<\/style>\n<div class=\"wp-block-kadence-advancedbtn kb-buttons-wrap kb-btns1107_6ed678-58\"><style>ul.menu .wp-block-kadence-advancedbtn .kb-btn1107_ab562f-3d.kb-button{width:initial;}<\/style><a class=\"kb-button kt-button button kb-btn1107_ab562f-3d kt-btn-size-standard kt-btn-width-type-auto kb-btn-global-fill  kt-btn-has-text-true kt-btn-has-svg-false  wp-block-kadence-singlebtn\" href=\"https:\/\/www.lazneluhacovice.cz\/procedury\" target=\"_blank\" rel=\"noreferrer noopener\"><span class=\"kt-btn-inner-text\">Offizielle Website der Spa-Behandlungen<\/span><\/a><\/div>\n\n\n\n<table style=\"width: 100%; height: 178px;\" border=\"0\" frame=\"VOID\" rules=\"NONE\" cellspacing=\"0\">\n<colgroup>\n<col width=\"442\" \/>\n<col width=\"134\" \/><\/colgroup>\n<tbody>\n<tr style=\"height: 27px;\">\n<td style=\"height: 27px;\" colspan=\"2\" align=\"LEFT\" bgcolor=\"#B2B2B2\" width=\"576\" height=\"27\"><b><span style=\"color: #000000; font-family: MinionPro-Bold; font-size: medium;\">Bad<\/span><\/b><\/td>\n<\/tr>\n<tr style=\"height: 27px;\">\n<td style=\"height: 27px;\" align=\"LEFT\" height=\"27\"><span style=\"color: #000000; font-family: MinionPro-Regular; font-size: medium;\">Nat\u00fcrliches Kohlens\u00e4urebad<\/span><\/td>\n<td style=\"height: 27px;\" align=\"RIGHT\"><span style=\"color: #000000; font-family: MinionPro-Regular; font-size: medium;\">690,00 CZK<\/span><\/td>\n<\/tr>\n<tr style=\"height: 35px;\">\n<td style=\"height: 35px;\" align=\"LEFT\" bgcolor=\"#CCCCCC\" height=\"35\"><span style=\"color: #000000; font-family: MinionPro-Regular; font-size: medium;\">Nat\u00fcrliches Kohlens\u00e4urehumatbad<\/span><\/td>\n<td style=\"height: 35px;\" align=\"RIGHT\" bgcolor=\"#CCCCCC\"><span style=\"color: #000000; font-family: MinionPro-Regular; font-size: medium;\">765,00 CZK<\/span><\/td>\n<\/tr>\n<tr style=\"height: 35px;\">\n<td style=\"height: 35px;\" align=\"LEFT\" height=\"35\"><span style=\"color: #000000; font-family: MinionPro-Regular; font-size: medium;\">Nat\u00fcrliches kohlens\u00e4urehaltiges Solfatanbad<\/span><\/td>\n<td style=\"height: 35px;\" align=\"RIGHT\"><span style=\"color: #000000; font-family: MinionPro-Regular; font-size: medium;\">765,00 CZK<\/span><\/td>\n<\/tr>\n<tr style=\"height: 27px;\">\n<td style=\"height: 27px;\" align=\"LEFT\" bgcolor=\"#CCCCCC\" height=\"27\"><span style=\"color: #000000; font-family: MinionPro-Regular; font-size: medium;\">Nat\u00fcrliches Kohlens\u00e4ure-Jod-Brom-Bad<\/span><\/td>\n<td style=\"height: 27px;\" align=\"RIGHT\" bgcolor=\"#CCCCCC\"><span style=\"color: #000000; font-family: MinionPro-Regular; font-size: medium;\">900,00 CZK<\/span><\/td>\n<\/tr>\n<tr style=\"height: 27px;\">\n<td style=\"height: 27px;\" align=\"LEFT\" height=\"27\"><span style=\"color: #000000; font-family: MinionPro-Regular; font-size: medium;\">Whirlpool f\u00fcr die unteren Extremit\u00e4ten<\/span><\/td>\n<td style=\"height: 27px;\" align=\"RIGHT\"><span style=\"color: #000000; font-family: MinionPro-Regular; font-size: medium;\">340,00 CZK<\/span><\/td>\n<\/tr>\n<\/tbody>\n<\/table>\n\n\n\n<div style=\"height:10px\" aria-hidden=\"true\" class=\"wp-block-spacer\"><\/div>\n\n\n\n<table style=\"width: 100%; height: 81px;\" border=\"0\" frame=\"VOID\" rules=\"NONE\" cellspacing=\"0\">\n<colgroup>\n<col width=\"442\" \/>\n<col width=\"134\" \/><\/colgroup>\n<tbody>\n<tr style=\"height: 27px;\">\n<td style=\"height: 27px;\" align=\"LEFT\" bgcolor=\"#B2B2B2\" width=\"442\" height=\"27\"><b><span style=\"color: #000000; font-family: MinionPro-Bold; font-size: medium;\">Fliesen<\/span><\/b><\/td>\n<td style=\"height: 27px;\" align=\"LEFT\" bgcolor=\"#B2B2B2\" width=\"134\"><span style=\"font-size: medium;\">\u00a0<\/span><\/td>\n<\/tr>\n<tr style=\"height: 27px;\">\n<td style=\"height: 27px;\" align=\"LEFT\" height=\"27\"><span style=\"color: #000000; font-family: MinionPro-Regular; font-size: medium;\">Moor-R\u00fcckenwickel (2 Stellen)<\/span><\/td>\n<td style=\"height: 27px;\" align=\"RIGHT\"><span style=\"color: #000000; font-family: MinionPro-Regular; font-size: medium;\">475,00 CZK<\/span><\/td>\n<\/tr>\n<tr style=\"height: 27px;\">\n<td style=\"height: 27px;\" align=\"LEFT\" bgcolor=\"#CCCCCC\" height=\"27\"><span style=\"color: #000000; font-family: MinionPro-Regular; font-size: medium;\">Duftende Paraffinpackung<\/span><\/td>\n<td style=\"height: 27px;\" align=\"RIGHT\" bgcolor=\"#CCCCCC\"><span style=\"color: #000000; font-family: MinionPro-Regular; font-size: medium;\">475,00 CZK<\/span><\/td>\n<\/tr>\n<\/tbody>\n<\/table>\n\n\n\n<div style=\"height:10px\" aria-hidden=\"true\" class=\"wp-block-spacer\"><\/div>\n\n\n\n<table style=\"width: 100%; height: 216px;\" border=\"0\" frame=\"VOID\" rules=\"NONE\" cellspacing=\"0\"><colgroup> <col width=\"442\" \/> <col width=\"134\" \/><\/colgroup>\n<tbody>\n<tr style=\"height: 27px;\">\n<td style=\"height: 27px;\" align=\"LEFT\" bgcolor=\"#B2B2B2\" width=\"442\" height=\"27\"><b><span style=\"color: #000000; font-family: MinionPro-Bold; font-size: medium;\">Massagen<\/span><\/b><\/td>\n<td style=\"height: 27px;\" align=\"LEFT\" bgcolor=\"#B2B2B2\" width=\"134\"><span style=\"font-size: medium;\">\u00a0<\/span><\/td>\n<\/tr>\n<tr style=\"height: 27px;\">\n<td style=\"height: 27px;\" align=\"LEFT\" height=\"27\"><span style=\"color: #000000; font-family: MinionPro-Regular; font-size: medium;\">Klassisch 30\u00b4<\/span><\/td>\n<td style=\"height: 27px;\" align=\"RIGHT\"><span style=\"color: #000000; font-family: MinionPro-Regular; font-size: medium;\">790,00 CZK<\/span><\/td>\n<\/tr>\n<tr style=\"height: 27px;\">\n<td style=\"height: 27px;\" align=\"LEFT\" bgcolor=\"#CCCCCC\" height=\"27\"><span style=\"color: #000000; font-family: MinionPro-Regular; font-size: medium;\">\u00c4therisches \u00d6l 30&#039;<\/span><\/td>\n<td style=\"height: 27px;\" align=\"RIGHT\" bgcolor=\"#CCCCCC\"><span style=\"color: #000000; font-family: MinionPro-Regular; font-size: medium;\">850,00 CZK<\/span><\/td>\n<\/tr>\n<tr style=\"height: 27px;\">\n<td style=\"height: 27px;\" align=\"LEFT\" height=\"27\"><span style=\"color: #000000; font-family: MinionPro-Regular; font-size: medium;\">Breuss-Wirbels\u00e4ulenmassage<\/span><\/td>\n<td style=\"height: 27px;\" align=\"RIGHT\"><span style=\"color: #000000; font-family: MinionPro-Regular; font-size: medium;\">850,00 CZK<\/span><\/td>\n<\/tr>\n<tr style=\"height: 27px;\">\n<td style=\"height: 27px;\" align=\"LEFT\" bgcolor=\"#CCCCCC\" height=\"27\"><span style=\"color: #000000; font-family: MinionPro-Regular; font-size: medium;\">Anti-Stress-Kopfmassage<\/span><\/td>\n<td style=\"height: 27px;\" align=\"RIGHT\" bgcolor=\"#CCCCCC\"><span style=\"color: #000000; font-family: MinionPro-Regular; font-size: medium;\">850,00 CZK<\/span><\/td>\n<\/tr>\n<tr style=\"height: 27px;\">\n<td style=\"height: 27px;\" align=\"LEFT\" height=\"27\"><span style=\"color: #000000; font-family: MinionPro-Regular; font-size: medium;\">Gesicht und Dekollet\u00e9<\/span><\/td>\n<td style=\"height: 27px;\" align=\"RIGHT\"><span style=\"color: #000000; font-family: MinionPro-Regular; font-size: medium;\">930,00 CZK<\/span><\/td>\n<\/tr>\n<tr style=\"height: 27px;\">\n<td style=\"height: 27px;\" align=\"LEFT\" bgcolor=\"#CCCCCC\" height=\"27\"><span style=\"color: #000000; font-family: MinionPro-Regular; font-size: medium;\">Lavasteine<\/span><\/td>\n<td style=\"height: 27px;\" align=\"RIGHT\" bgcolor=\"#CCCCCC\"><span style=\"color: #000000; font-family: MinionPro-Regular; font-size: medium;\">930,00 CZK<\/span><\/td>\n<\/tr>\n<tr style=\"height: 27px;\">\n<td style=\"height: 27px;\" align=\"LEFT\" height=\"27\"><span style=\"color: #000000; font-family: MinionPro-Regular; font-size: medium;\">Fu\u00dfsohle<\/span><\/td>\n<td style=\"height: 27px;\" align=\"RIGHT\"><span style=\"color: #000000; font-family: MinionPro-Regular; font-size: medium;\">930,00 CZK<\/span><\/td>\n<\/tr>\n<\/tbody>\n<\/table>\n<\/div><\/div>\n\n\n<style>.kadence-column1107_faec3b-e5 > .kt-inside-inner-col,.kadence-column1107_faec3b-e5 > .kt-inside-inner-col:before{border-top-left-radius:0px;border-top-right-radius:0px;border-bottom-right-radius:0px;border-bottom-left-radius:0px;}.kadence-column1107_faec3b-e5 > .kt-inside-inner-col{column-gap:var(--global-kb-gap-sm, 1rem);}.kadence-column1107_faec3b-e5 > .kt-inside-inner-col{flex-direction:column;}.kadence-column1107_faec3b-e5 > .kt-inside-inner-col > .aligncenter{width:100%;}.kadence-column1107_faec3b-e5 > .kt-inside-inner-col:before{opacity:0.3;}.kadence-column1107_faec3b-e5{position:relative;}@media all and (max-width: 1024px){.kadence-column1107_faec3b-e5 > .kt-inside-inner-col{flex-direction:column;justify-content:center;}}@media all and (max-width: 767px){.kadence-column1107_faec3b-e5 > .kt-inside-inner-col{flex-direction:column;justify-content:center;}}<\/style>\n<div class=\"wp-block-kadence-column kadence-column1107_faec3b-e5\"><div class=\"kt-inside-inner-col\"><style>.wp-block-kadence-advancedgallery .kb-gallery-type-grid.kb-gallery-id-1107_29fbc5-e9{margin:-5px;}.kb-gallery-type-grid.kb-gallery-id-1107_29fbc5-e9 .kadence-blocks-gallery-item{padding:5px;}.kb-gallery-id-1107_29fbc5-e9 .kadence-blocks-gallery-item .kb-gal-image-radius, .kb-gallery-id-1107_29fbc5-e9 .kb-slide-item .kb-gal-image-radius img{border-radius:0px 0px 0px 0px;;}<\/style><div class=\"kb-gallery-wrap-id-1107_29fbc5-e9 alignnone wp-block-kadence-advancedgallery\"><ul class=\"kb-gallery-ul kb-gallery-non-static kb-gallery-type-grid kb-gallery-id-1107_29fbc5-e9 kb-gallery-caption-style-bottom-hover kb-gallery-filter-none\" data-image-filter=\"none\" data-item-selector=\".kadence-blocks-gallery-item\" data-lightbox-caption=\"true\" data-columns-xxl=\"2\" data-columns-xl=\"2\" data-columns-md=\"2\" data-columns-sm=\"2\" data-columns-xs=\"1\" data-columns-ss=\"1\"><li class=\"kadence-blocks-gallery-item\" tabindex=\"0\"><div class=\"kadence-blocks-gallery-item-inner\"><figure class=\"kb-gallery-figure kadence-blocks-gallery-item-hide-caption\"><div class=\"kb-gal-image-radius\"><div class=\"kb-gallery-image-contain kadence-blocks-gallery-intrinsic kb-gallery-image-ratio-square kb-has-image-ratio-square\" ><img loading=\"lazy\" decoding=\"async\" src=\"https:\/\/cams.cz\/wp-content\/uploads\/2025\/10\/galvanicka-lazen-300x300.webp\" width=\"300\" height=\"300\" alt=\"\" data-full-image=\"https:\/\/cams.cz\/wp-content\/uploads\/2025\/10\/galvanicka-lazen.webp\" data-light-image=\"https:\/\/cams.cz\/wp-content\/uploads\/2025\/10\/galvanicka-lazen.webp\" data-id=\"1108\" class=\"wp-image-1108\" srcset=\"https:\/\/cams.cz\/wp-content\/uploads\/2025\/10\/galvanicka-lazen-300x300.webp 300w, https:\/\/cams.cz\/wp-content\/uploads\/2025\/10\/galvanicka-lazen-150x150.webp 150w, https:\/\/cams.cz\/wp-content\/uploads\/2025\/10\/galvanicka-lazen-12x12.webp 12w, https:\/\/cams.cz\/wp-content\/uploads\/2025\/10\/galvanicka-lazen.webp 430w\" sizes=\"auto, (max-width: 300px) 100vw, 300px\" \/><\/div><\/div><\/figure><\/div><\/li><li class=\"kadence-blocks-gallery-item\" tabindex=\"0\"><div class=\"kadence-blocks-gallery-item-inner\"><figure class=\"kb-gallery-figure kadence-blocks-gallery-item-hide-caption\"><div class=\"kb-gal-image-radius\"><div class=\"kb-gallery-image-contain kadence-blocks-gallery-intrinsic kb-gallery-image-ratio-square kb-has-image-ratio-square\" ><img loading=\"lazy\" decoding=\"async\" src=\"https:\/\/cams.cz\/wp-content\/uploads\/2025\/10\/jv0_4191-edit-300x300.webp\" width=\"300\" height=\"300\" alt=\"\" data-full-image=\"https:\/\/cams.cz\/wp-content\/uploads\/2025\/10\/jv0_4191-edit.webp\" data-light-image=\"https:\/\/cams.cz\/wp-content\/uploads\/2025\/10\/jv0_4191-edit.webp\" data-id=\"1109\" class=\"wp-image-1109\" srcset=\"https:\/\/cams.cz\/wp-content\/uploads\/2025\/10\/jv0_4191-edit-300x300.webp 300w, https:\/\/cams.cz\/wp-content\/uploads\/2025\/10\/jv0_4191-edit-150x150.webp 150w, https:\/\/cams.cz\/wp-content\/uploads\/2025\/10\/jv0_4191-edit-12x12.webp 12w, https:\/\/cams.cz\/wp-content\/uploads\/2025\/10\/jv0_4191-edit.webp 430w\" sizes=\"auto, (max-width: 300px) 100vw, 300px\" \/><\/div><\/div><\/figure><\/div><\/li><li class=\"kadence-blocks-gallery-item\" tabindex=\"0\"><div class=\"kadence-blocks-gallery-item-inner\"><figure class=\"kb-gallery-figure kadence-blocks-gallery-item-hide-caption\"><div class=\"kb-gal-image-radius\"><div class=\"kb-gallery-image-contain kadence-blocks-gallery-intrinsic kb-gallery-image-ratio-square kb-has-image-ratio-square\" ><img loading=\"lazy\" decoding=\"async\" src=\"https:\/\/cams.cz\/wp-content\/uploads\/2025\/10\/inhalace-300x300.webp\" width=\"300\" height=\"300\" alt=\"\" data-full-image=\"https:\/\/cams.cz\/wp-content\/uploads\/2025\/10\/inhalace.webp\" data-light-image=\"https:\/\/cams.cz\/wp-content\/uploads\/2025\/10\/inhalace.webp\" data-id=\"1110\" class=\"wp-image-1110\" srcset=\"https:\/\/cams.cz\/wp-content\/uploads\/2025\/10\/inhalace-300x300.webp 300w, https:\/\/cams.cz\/wp-content\/uploads\/2025\/10\/inhalace-150x150.webp 150w, https:\/\/cams.cz\/wp-content\/uploads\/2025\/10\/inhalace-12x12.webp 12w, https:\/\/cams.cz\/wp-content\/uploads\/2025\/10\/inhalace.webp 576w\" sizes=\"auto, (max-width: 300px) 100vw, 300px\" \/><\/div><\/div><\/figure><\/div><\/li><li class=\"kadence-blocks-gallery-item\" tabindex=\"0\"><div class=\"kadence-blocks-gallery-item-inner\"><figure class=\"kb-gallery-figure kadence-blocks-gallery-item-hide-caption\"><div class=\"kb-gal-image-radius\"><div class=\"kb-gallery-image-contain kadence-blocks-gallery-intrinsic kb-gallery-image-ratio-square kb-has-image-ratio-square\" ><img loading=\"lazy\" decoding=\"async\" src=\"https:\/\/cams.cz\/wp-content\/uploads\/2025\/10\/raselinovy-obklad-zad-300x300.webp\" width=\"300\" height=\"300\" alt=\"\" data-full-image=\"https:\/\/cams.cz\/wp-content\/uploads\/2025\/10\/raselinovy-obklad-zad.webp\" data-light-image=\"https:\/\/cams.cz\/wp-content\/uploads\/2025\/10\/raselinovy-obklad-zad.webp\" data-id=\"1111\" class=\"wp-image-1111\" srcset=\"https:\/\/cams.cz\/wp-content\/uploads\/2025\/10\/raselinovy-obklad-zad-300x300.webp 300w, https:\/\/cams.cz\/wp-content\/uploads\/2025\/10\/raselinovy-obklad-zad-150x150.webp 150w, https:\/\/cams.cz\/wp-content\/uploads\/2025\/10\/raselinovy-obklad-zad-12x12.webp 12w, https:\/\/cams.cz\/wp-content\/uploads\/2025\/10\/raselinovy-obklad-zad.webp 576w\" sizes=\"auto, (max-width: 300px) 100vw, 300px\" \/><\/div><\/div><\/figure><\/div><\/li><\/ul><\/div>\n\n\n<div style=\"height:27px\" aria-hidden=\"true\" class=\"wp-block-spacer\"><\/div>\n<\/div><\/div>\n\n<\/div><\/div>\n\n\n<p><\/p>","protected":false},"excerpt":{"rendered":"<p>Speci\u00e1ln\u00ed nab\u00eddka pro \u00fa\u010dastn\u00edky Concours d\u2018Elegance Luha\u010dovice 2026 Nejsou zahrnuty v cen\u011b,&nbsp;ale ka\u017ed\u00fd \u00fa\u010dastn\u00edk si je m\u016f\u017ee&nbsp;dop\u0159\u00e1t podle chuti a \u010dasu. V&nbsp;p\u0159\u00edpad\u011b z\u00e1jmu nutno objednat p\u0159edem. Objedn\u00e1vku procedur je t\u0159eba zaslat nejpozd\u011bji 21 dn\u016f p\u0159ed p\u0159\u00edjezdem.Do objedn\u00e1vky doporu\u010dujeme uv\u00e9st po\u017eadovan\u00e9 datum a preferovan\u00fd \u010das. V opa\u010dn\u00e9mp\u0159\u00edpad\u011b budou procedury na\u010dasovan\u00e9 v n\u00e1mi zvolen\u00e9m term\u00ednu. Koupele P\u0159\u00edrodn\u00ed&#8230;<\/p>","protected":false},"author":1,"featured_media":1109,"parent":829,"menu_order":0,"comment_status":"closed","ping_status":"closed","template":"","meta":{"_kad_blocks_custom_css":"","_kad_blocks_head_custom_js":"","_kad_blocks_body_custom_js":"","_kad_blocks_footer_custom_js":"","_kad_post_transparent":"","_kad_post_title":"","_kad_post_layout":"","_kad_post_sidebar_id":"","_kad_post_content_style":"","_kad_post_vertical_padding":"","_kad_post_feature":"","_kad_post_feature_position":"","_kad_post_header":false,"_kad_post_footer":false,"_kad_post_classname":"","footnotes":""},"class_list":["post-1107","page","type-page","status-publish","has-post-thumbnail","hentry"],"taxonomy_info":[],"featured_image_src_large":["https:\/\/cams.cz\/wp-content\/uploads\/2025\/10\/jv0_4191-edit.webp",430,430,false],"author_info":{"display_name":"HujerRucka","author_link":"https:\/\/cams.cz\/de\/author\/hujerrucka\/"},"comment_info":0,"_links":{"self":[{"href":"https:\/\/cams.cz\/de\/wp-json\/wp\/v2\/pages\/1107","targetHints":{"allow":["GET"]}}],"collection":[{"href":"https:\/\/cams.cz\/de\/wp-json\/wp\/v2\/pages"}],"about":[{"href":"https:\/\/cams.cz\/de\/wp-json\/wp\/v2\/types\/page"}],"author":[{"embeddable":true,"href":"https:\/\/cams.cz\/de\/wp-json\/wp\/v2\/users\/1"}],"replies":[{"embeddable":true,"href":"https:\/\/cams.cz\/de\/wp-json\/wp\/v2\/comments?post=1107"}],"version-history":[{"count":6,"href":"https:\/\/cams.cz\/de\/wp-json\/wp\/v2\/pages\/1107\/revisions"}],"predecessor-version":[{"id":1164,"href":"https:\/\/cams.cz\/de\/wp-json\/wp\/v2\/pages\/1107\/revisions\/1164"}],"up":[{"embeddable":true,"href":"https:\/\/cams.cz\/de\/wp-json\/wp\/v2\/pages\/829"}],"wp:featuredmedia":[{"embeddable":true,"href":"https:\/\/cams.cz\/de\/wp-json\/wp\/v2\/media\/1109"}],"wp:attachment":[{"href":"https:\/\/cams.cz\/de\/wp-json\/wp\/v2\/media?parent=1107"}],"curies":[{"name":"wp","href":"https:\/\/api.w.org\/{rel}","templated":true}]}}