{"id":1078,"date":"2025-10-13T09:26:08","date_gmt":"2025-10-13T07:26:08","guid":{"rendered":"https:\/\/cams.cz\/?page_id=1078"},"modified":"2025-11-18T11:15:39","modified_gmt":"2025-11-18T10:15:39","slug":"namensregistrierung","status":"publish","type":"page","link":"https:\/\/cams.cz\/de\/namensregistrierung\/","title":{"rendered":"Anwendung \u2013 W\u00e4hrungsauswahl"},"content":{"rendered":"<style>.kb-row-layout-id1078_65d6c0-55 > .kt-row-column-wrap{align-content:start;}:where(.kb-row-layout-id1078_65d6c0-55 > .kt-row-column-wrap) > .wp-block-kadence-column{justify-content:start;}.kb-row-layout-id1078_65d6c0-55 > .kt-row-column-wrap{column-gap:var(--global-kb-gap-md, 2rem);row-gap:var(--global-kb-gap-md, 2rem);padding-top:var(--global-kb-spacing-sm, 1.5rem);padding-bottom:var(--global-kb-spacing-sm, 1.5rem);grid-template-columns:minmax(0, 1fr);}.kb-row-layout-id1078_65d6c0-55 > .kt-row-layout-overlay{opacity:0.30;}@media all and (max-width: 1024px){.kb-row-layout-id1078_65d6c0-55 > .kt-row-column-wrap{grid-template-columns:minmax(0, 1fr);}}@media all and (max-width: 767px){.kb-row-layout-id1078_65d6c0-55 > .kt-row-column-wrap{grid-template-columns:minmax(0, 1fr);}}<\/style><div class=\"kb-row-layout-wrap kb-row-layout-id1078_65d6c0-55 alignnone wp-block-kadence-rowlayout\"><div class=\"kt-row-column-wrap kt-has-1-columns kt-row-layout-equal kt-tab-layout-inherit kt-mobile-layout-row kt-row-valign-top\">\n<style>.kadence-column1078_24e8e3-28 > .kt-inside-inner-col,.kadence-column1078_24e8e3-28 > .kt-inside-inner-col:before{border-top-left-radius:0px;border-top-right-radius:0px;border-bottom-right-radius:0px;border-bottom-left-radius:0px;}.kadence-column1078_24e8e3-28 > .kt-inside-inner-col{column-gap:var(--global-kb-gap-sm, 1rem);}.kadence-column1078_24e8e3-28 > .kt-inside-inner-col{flex-direction:column;}.kadence-column1078_24e8e3-28 > .kt-inside-inner-col > .aligncenter{width:100%;}.kadence-column1078_24e8e3-28 > .kt-inside-inner-col:before{opacity:0.3;}.kadence-column1078_24e8e3-28{position:relative;}@media all and (max-width: 1024px){.kadence-column1078_24e8e3-28 > .kt-inside-inner-col{flex-direction:column;justify-content:center;}}@media all and (max-width: 767px){.kadence-column1078_24e8e3-28 > .kt-inside-inner-col{flex-direction:column;justify-content:center;}}<\/style>\n<div class=\"wp-block-kadence-column kadence-column1078_24e8e3-28\"><div class=\"kt-inside-inner-col\">\n<p style=\"text-align: center;\" data-start=\"186\" data-end=\"246\" data-is-last-node=\"\"><strong data-start=\"21\" data-end=\"45\">Teilnahmegeb\u00fchr<\/strong><b>\u00a0beinhaltet:<\/b><br \/>\u2022 Dienstleistungen und Wartung der Veranstalter,\u00a0<br \/>\u2022 das Abstellen von Personenkraftwagen und Anh\u00e4ngern auf dem Parkplatz,<br \/>\u2022 Abstellen von Oldtimern in Garagen oder bei Hotels,<br \/>\u2022 Sicherheitsdienst,\u00a0<br \/>\u2022 Erfrischungen w\u00e4hrend der Fahrt (Kaffee, Wasser, s\u00fc\u00dfe und herzhafte Snacks),<br \/>\u2022 ob\u011bdy s nealkoholick\u00fdm n\u00e1pojem,<br \/>\u2022 Erfrischungen w\u00e4hrend der Abendprogramme,\u00a0<br \/>\u2022 Samstagsbankett w\u00e4hrend des Eleganzwettbewerbs (Erfrischungen am Vormittag und Nachmittag, Mittagessen, warme und kalte alkoholfreie Getr\u00e4nke),<br \/>\u2022 Eintritt zum Galaabend mit Abendimbiss,<br \/>\u2022 Eintrittsgelder f\u00fcr Denkm\u00e4ler und Museen.<\/p>\n<p style=\"text-align: center;\"><strong data-start=\"21\" data-end=\"45\">Teilnahmegeb\u00fchr<\/strong><b>\u00a0Nicht enthalten sind:<br \/><\/b>\u2022 Unterkunft mit Halbpension,<br \/>\u2022 Aufenthaltsgeb\u00fchr an die Stadt Luha\u010dovice,<br \/>\u2022 Spa-Behandlungen,<br \/>\u2022 Getr\u00e4nke, die w\u00e4hrend des Abendprogramms konsumiert werden.<\/p>\n<p style=\"text-align: center;\"><strong data-start=\"105\" data-end=\"129\">Teilnahmegeb\u00fchr:<br \/><\/strong>\u2022 Treiber \u2013 <strong data-start=\"142\" data-end=\"167\">1.000 EUR \/ 25.000 CZK<br \/><\/strong>\u2022 Passagier \u2013 <strong data-start=\"186\" data-end=\"209\">500 EUR \/ 12.500 CZK<\/strong><\/p>\n<\/div><\/div>\n\n<\/div><\/div>\n\n<style>.kb-row-layout-id1078_7ab807-0e > .kt-row-column-wrap{align-content:start;}:where(.kb-row-layout-id1078_7ab807-0e > .kt-row-column-wrap) > .wp-block-kadence-column{justify-content:start;}.kb-row-layout-id1078_7ab807-0e > .kt-row-column-wrap{column-gap:var(--global-kb-gap-md, 2rem);row-gap:var(--global-kb-gap-md, 2rem);padding-top:var(--global-kb-spacing-sm, 1.5rem);grid-template-columns:minmax(0, 1fr);}.kb-row-layout-id1078_7ab807-0e > .kt-row-layout-overlay{opacity:0.30;}@media all and (max-width: 1024px){.kb-row-layout-id1078_7ab807-0e > .kt-row-column-wrap{grid-template-columns:minmax(0, 1fr);}}@media all and (max-width: 767px){.kb-row-layout-id1078_7ab807-0e > .kt-row-column-wrap{grid-template-columns:minmax(0, 1fr);}}<\/style><div class=\"kb-row-layout-wrap kb-row-layout-id1078_7ab807-0e alignnone wp-block-kadence-rowlayout\"><div class=\"kt-row-column-wrap kt-has-1-columns kt-row-layout-equal kt-tab-layout-inherit kt-mobile-layout-row kt-row-valign-top\">\n<style>.kadence-column1078_2213b7-ba > .kt-inside-inner-col,.kadence-column1078_2213b7-ba > .kt-inside-inner-col:before{border-top-left-radius:0px;border-top-right-radius:0px;border-bottom-right-radius:0px;border-bottom-left-radius:0px;}.kadence-column1078_2213b7-ba > .kt-inside-inner-col{column-gap:var(--global-kb-gap-sm, 1rem);}.kadence-column1078_2213b7-ba > .kt-inside-inner-col{flex-direction:column;}.kadence-column1078_2213b7-ba > .kt-inside-inner-col > .aligncenter{width:100%;}.kadence-column1078_2213b7-ba > .kt-inside-inner-col:before{opacity:0.3;}.kadence-column1078_2213b7-ba{position:relative;}@media all and (max-width: 1024px){.kadence-column1078_2213b7-ba > .kt-inside-inner-col{flex-direction:column;justify-content:center;}}@media all and (max-width: 767px){.kadence-column1078_2213b7-ba > .kt-inside-inner-col{flex-direction:column;justify-content:center;}}<\/style>\n<div class=\"wp-block-kadence-column kadence-column1078_2213b7-ba\"><div class=\"kt-inside-inner-col\">\n<p class=\"has-text-align-center\"><strong>Liebe Teilnehmerinnen und Teilnehmer,<\/strong><br>Bevor Sie sich anmelden, <strong>Zahlungsw\u00e4hrung ausw\u00e4hlen<\/strong>.<br>Zahlungen in CZK sind nur von tschechischen Bankkonten m\u00f6glich.<\/p>\n<\/div><\/div>\n\n<\/div><\/div>\n\n\n<div class=\"wp-block-columns is-layout-flex wp-container-core-columns-is-layout-af6ffed4 wp-block-columns-is-layout-flex\" style=\"margin-top:var(--wp--preset--spacing--70);margin-bottom:var(--wp--preset--spacing--70)\">\n<div class=\"wp-block-column is-layout-flow wp-block-column-is-layout-flow\"><style>.wp-block-kadence-advancedbtn.kb-btns1078_39ddd4-f3{gap:var(--global-kb-gap-xs, 0.5rem );justify-content:flex-end;align-items:center;}.kt-btns1078_39ddd4-f3 .kt-button{font-weight:normal;font-style:normal;}.kt-btns1078_39ddd4-f3 .kt-btn-wrap-0{margin-right:5px;}.wp-block-kadence-advancedbtn.kt-btns1078_39ddd4-f3 .kt-btn-wrap-0 .kt-button{color:#555555;border-color:#555555;}.wp-block-kadence-advancedbtn.kt-btns1078_39ddd4-f3 .kt-btn-wrap-0 .kt-button:hover, .wp-block-kadence-advancedbtn.kt-btns1078_39ddd4-f3 .kt-btn-wrap-0 .kt-button:focus{color:#ffffff;border-color:#444444;}.wp-block-kadence-advancedbtn.kt-btns1078_39ddd4-f3 .kt-btn-wrap-0 .kt-button::before{display:none;}.wp-block-kadence-advancedbtn.kt-btns1078_39ddd4-f3 .kt-btn-wrap-0 .kt-button:hover, .wp-block-kadence-advancedbtn.kt-btns1078_39ddd4-f3 .kt-btn-wrap-0 .kt-button:focus{background:#444444;}<\/style>\n<div class=\"wp-block-kadence-advancedbtn kb-buttons-wrap kb-btns1078_39ddd4-f3\"><style>ul.menu .wp-block-kadence-advancedbtn .kb-btn1078_8bade1-fa.kb-button{width:initial;}<\/style><a class=\"kb-button kt-button button kb-btn1078_8bade1-fa kt-btn-size-standard kt-btn-width-type-auto kb-btn-global-fill  kt-btn-has-text-true kt-btn-has-svg-false  wp-block-kadence-singlebtn\" href=\"https:\/\/cams.cz\/de\/bewerbung-fur-concours-delegation-luhacovice-2026-euro\/\"><span class=\"kt-btn-inner-text\">EUR<\/span><\/a><\/div>\n<\/div>\n\n\n\n<div class=\"wp-block-column is-layout-flow wp-block-column-is-layout-flow\"><style>.wp-block-kadence-advancedbtn.kb-btns1078_0130ab-97{gap:var(--global-kb-gap-xs, 0.5rem );justify-content:flex-start;align-items:center;}.kt-btns1078_0130ab-97 .kt-button{font-weight:normal;font-style:normal;}.kt-btns1078_0130ab-97 .kt-btn-wrap-0{margin-right:5px;}.wp-block-kadence-advancedbtn.kt-btns1078_0130ab-97 .kt-btn-wrap-0 .kt-button{color:#555555;border-color:#555555;}.wp-block-kadence-advancedbtn.kt-btns1078_0130ab-97 .kt-btn-wrap-0 .kt-button:hover, .wp-block-kadence-advancedbtn.kt-btns1078_0130ab-97 .kt-btn-wrap-0 .kt-button:focus{color:#ffffff;border-color:#444444;}.wp-block-kadence-advancedbtn.kt-btns1078_0130ab-97 .kt-btn-wrap-0 .kt-button::before{display:none;}.wp-block-kadence-advancedbtn.kt-btns1078_0130ab-97 .kt-btn-wrap-0 .kt-button:hover, .wp-block-kadence-advancedbtn.kt-btns1078_0130ab-97 .kt-btn-wrap-0 .kt-button:focus{background:#444444;}<\/style>\n<div class=\"wp-block-kadence-advancedbtn kb-buttons-wrap kb-btns1078_0130ab-97\"><style>ul.menu .wp-block-kadence-advancedbtn .kb-btn1078_bc1dd7-47.kb-button{width:initial;}<\/style><a class=\"kb-button kt-button button kb-btn1078_bc1dd7-47 kt-btn-size-standard kt-btn-width-type-auto kb-btn-global-fill  kt-btn-has-text-true kt-btn-has-svg-false  wp-block-kadence-singlebtn\" href=\"https:\/\/cams.cz\/de\/cdel-anwendung-2026-czk\/\"><span class=\"kt-btn-inner-text\">CZK<\/span><\/a><\/div>\n<\/div>\n<\/div>\n\n\n<style>.wp-block-kadence-advancedbtn.kb-btns1078_06dde6-54{gap:var(--global-kb-gap-xs, 0.5rem );justify-content:center;align-items:center;}.kt-btns1078_06dde6-54 .kt-button{font-weight:normal;font-style:normal;}.kt-btns1078_06dde6-54 .kt-btn-wrap-0{margin-right:5px;}.wp-block-kadence-advancedbtn.kt-btns1078_06dde6-54 .kt-btn-wrap-0 .kt-button{color:#555555;border-color:#555555;}.wp-block-kadence-advancedbtn.kt-btns1078_06dde6-54 .kt-btn-wrap-0 .kt-button:hover, .wp-block-kadence-advancedbtn.kt-btns1078_06dde6-54 .kt-btn-wrap-0 .kt-button:focus{color:#ffffff;border-color:#444444;}.wp-block-kadence-advancedbtn.kt-btns1078_06dde6-54 .kt-btn-wrap-0 .kt-button::before{display:none;}.wp-block-kadence-advancedbtn.kt-btns1078_06dde6-54 .kt-btn-wrap-0 .kt-button:hover, .wp-block-kadence-advancedbtn.kt-btns1078_06dde6-54 .kt-btn-wrap-0 .kt-button:focus{background:#444444;}<\/style>\n<div class=\"wp-block-kadence-advancedbtn kb-buttons-wrap kb-btns1078_06dde6-54\"><style>ul.menu .wp-block-kadence-advancedbtn .kb-btn1078_fbbcf2-90.kb-button{width:initial;}.wp-block-kadence-advancedbtn .kb-btn1078_fbbcf2-90.kb-button{background:var(--global-palette6, #718096);}<\/style><a class=\"kb-button kt-button button kb-btn1078_fbbcf2-90 kt-btn-size-standard kt-btn-width-type-auto kb-btn-global-fill  kt-btn-has-text-true kt-btn-has-svg-false  wp-block-kadence-singlebtn\" href=\"https:\/\/cams.cz\/de\/cde-luhacovice-2026\/\"><span class=\"kt-btn-inner-text\">Zur\u00fcck zum Concours d&#039;Elegance Luha\u010dovice 2026<\/span><\/a><\/div>","protected":false},"excerpt":{"rendered":"<p>\u00da\u010dastnick\u00fd poplatek\u00a0zahrnuje:\u2022 slu\u017eby a servis organiz\u00e1tor\u016f,\u00a0\u2022 parkov\u00e1n\u00ed osobn\u00edch vozidel a p\u0159\u00edv\u011bsn\u00fdch voz\u00edk\u016f na odstavn\u00e9m parkovi\u0161ti,\u2022 parkov\u00e1n\u00ed historick\u00fdch vozidel v gar\u00e1\u017e\u00edch nebo u hotel\u016f,\u2022 hl\u00eddac\u00ed slu\u017ebu,\u00a0\u2022 ob\u010derstven\u00ed b\u011bhem v\u00fdlet\u016f (k\u00e1va, voda, sladk\u00e9 i slan\u00e9 pochutiny),\u2022 ob\u011bdy s nealkoholick\u00fdm n\u00e1pojem,\u2022 ob\u010derstven\u00ed p\u0159i ve\u010dern\u00edch programech,\u00a0\u2022 sobotn\u00ed raut p\u0159i sout\u011b\u017ei elegance (dopoledn\u00ed a odpoledn\u00ed ob\u010derstven\u00ed, ob\u011bd, tepl\u00e9 i\u00a0studen\u00e9 nealkoholick\u00e9&#8230;<\/p>","protected":false},"author":3,"featured_media":0,"parent":0,"menu_order":0,"comment_status":"closed","ping_status":"closed","template":"","meta":{"_kad_blocks_custom_css":"","_kad_blocks_head_custom_js":"","_kad_blocks_body_custom_js":"","_kad_blocks_footer_custom_js":"","_kad_post_transparent":"","_kad_post_title":"","_kad_post_layout":"","_kad_post_sidebar_id":"","_kad_post_content_style":"","_kad_post_vertical_padding":"","_kad_post_feature":"","_kad_post_feature_position":"","_kad_post_header":false,"_kad_post_footer":false,"_kad_post_classname":"","footnotes":""},"class_list":["post-1078","page","type-page","status-publish","hentry"],"taxonomy_info":[],"featured_image_src_large":false,"author_info":{"display_name":"Kate\u0159ina Kupkov\u00e1","author_link":"https:\/\/cams.cz\/de\/author\/katka\/"},"comment_info":0,"_links":{"self":[{"href":"https:\/\/cams.cz\/de\/wp-json\/wp\/v2\/pages\/1078","targetHints":{"allow":["GET"]}}],"collection":[{"href":"https:\/\/cams.cz\/de\/wp-json\/wp\/v2\/pages"}],"about":[{"href":"https:\/\/cams.cz\/de\/wp-json\/wp\/v2\/types\/page"}],"author":[{"embeddable":true,"href":"https:\/\/cams.cz\/de\/wp-json\/wp\/v2\/users\/3"}],"replies":[{"embeddable":true,"href":"https:\/\/cams.cz\/de\/wp-json\/wp\/v2\/comments?post=1078"}],"version-history":[{"count":9,"href":"https:\/\/cams.cz\/de\/wp-json\/wp\/v2\/pages\/1078\/revisions"}],"predecessor-version":[{"id":1389,"href":"https:\/\/cams.cz\/de\/wp-json\/wp\/v2\/pages\/1078\/revisions\/1389"}],"wp:attachment":[{"href":"https:\/\/cams.cz\/de\/wp-json\/wp\/v2\/media?parent=1078"}],"curies":[{"name":"wp","href":"https:\/\/api.w.org\/{rel}","templated":true}]}}